{"id":7,"date":"2025-10-26T02:42:26","date_gmt":"2025-10-26T02:42:26","guid":{"rendered":"https:\/\/holywings.pl\/?page_id=7"},"modified":"2025-12-15T14:05:57","modified_gmt":"2025-12-15T14:05:57","slug":"dom","status":"publish","type":"page","link":"https:\/\/holywings.pl\/en\/","title":{"rendered":"Home"},"content":{"rendered":"<div data-elementor-type=\"wp-post\" data-elementor-id=\"7\" class=\"elementor elementor-7\" data-elementor-post-type=\"page\">\n\t\t\t\t<div class=\"elementor-element elementor-element-d419a56 e-con-full e-flex e-con e-parent\" data-id=\"d419a56\" data-element_type=\"container\" data-settings=\"{&quot;background_background&quot;:&quot;classic&quot;}\">\n\t\t\t\t<div class=\"elementor-element elementor-element-b6120c6 elementor-widget elementor-widget-image\" data-id=\"b6120c6\" data-element_type=\"widget\" data-settings=\"{&quot;motion_fx_motion_fx_scrolling&quot;:&quot;yes&quot;,&quot;motion_fx_devices&quot;:[&quot;desktop&quot;,&quot;tablet&quot;,&quot;mobile&quot;]}\" data-widget_type=\"image.default\">\n\t\t\t\t\t\t\t\t\t\t\t\t\t\t\t<img fetchpriority=\"high\" decoding=\"async\" width=\"1920\" height=\"995\" src=\"https:\/\/holywings.pl\/wp-content\/uploads\/2025\/10\/c837a6_135dfe766a0249529808c9960058758bmv2.avif\" class=\"attachment-full size-full wp-image-28\" alt=\"\" srcset=\"https:\/\/holywings.pl\/wp-content\/uploads\/2025\/10\/c837a6_135dfe766a0249529808c9960058758bmv2.avif 1920w, https:\/\/holywings.pl\/wp-content\/uploads\/2025\/10\/c837a6_135dfe766a0249529808c9960058758bmv2-300x155.avif 300w, https:\/\/holywings.pl\/wp-content\/uploads\/2025\/10\/c837a6_135dfe766a0249529808c9960058758bmv2-1024x531.avif 1024w, https:\/\/holywings.pl\/wp-content\/uploads\/2025\/10\/c837a6_135dfe766a0249529808c9960058758bmv2-768x398.avif 768w, https:\/\/holywings.pl\/wp-content\/uploads\/2025\/10\/c837a6_135dfe766a0249529808c9960058758bmv2-1536x796.avif 1536w\" sizes=\"(max-width: 1920px) 100vw, 1920px\" \/>\t\t\t\t\t\t\t\t\t\t\t\t\t\t\t<\/div>\n\t\t<div class=\"elementor-element elementor-element-8f038c4 e-flex e-con-boxed e-con e-child\" data-id=\"8f038c4\" data-element_type=\"container\" data-settings=\"{&quot;position&quot;:&quot;absolute&quot;}\">\n\t\t\t\t\t<div class=\"e-con-inner\">\n\t\t\t\t<div class=\"elementor-element elementor-element-6ede9ad elementor-widget elementor-widget-heading\" data-id=\"6ede9ad\" data-element_type=\"widget\" data-widget_type=\"heading.default\">\n\t\t\t\t\t<h1 class=\"elementor-heading-title elementor-size-default\">Welcome to<br>\nHolywings<\/h1>\t\t\t\t<\/div>\n\t\t\t\t<div class=\"elementor-element elementor-element-bf9ef59 elementor-widget elementor-widget-heading\" data-id=\"bf9ef59\" data-element_type=\"widget\" data-widget_type=\"heading.default\">\n\t\t\t\t\t<span class=\"elementor-heading-title elementor-size-default\">Your partner in workforce solutions<\/span>\t\t\t\t<\/div>\n\t\t\t\t\t<\/div>\n\t\t\t\t<\/div>\n\t\t\t\t<\/div>\n\t\t<div class=\"elementor-element elementor-element-09c2494 e-flex e-con-boxed e-con e-parent\" data-id=\"09c2494\" data-element_type=\"container\">\n\t\t\t\t\t<div class=\"e-con-inner\">\n\t\t\t\t<div class=\"elementor-element elementor-element-277dc0f elementor-widget elementor-widget-heading\" data-id=\"277dc0f\" data-element_type=\"widget\" data-widget_type=\"heading.default\">\n\t\t\t\t\t<h2 class=\"elementor-heading-title elementor-size-default\">Why should we<br> select<\/h2>\t\t\t\t<\/div>\n\t\t\t\t<div class=\"elementor-element elementor-element-470297f elementor-widget elementor-widget-heading\" data-id=\"470297f\" data-element_type=\"widget\" data-widget_type=\"heading.default\">\n\t\t\t\t\t<p class=\"elementor-heading-title elementor-size-default\">At Holywings, we connect top talent with the businesses that need them. Whether you're a company seeking skilled professionals or a job seeker looking for your next opportunity, we provide personalized staffing solutions that work.<\/p>\t\t\t\t<\/div>\n\t\t<div class=\"elementor-element elementor-element-04a2468 e-con-full e-flex e-con e-child\" data-id=\"04a2468\" data-element_type=\"container\">\n\t\t\t\t<div class=\"elementor-element elementor-element-40b3e03 elementor-widget elementor-widget-heading\" data-id=\"40b3e03\" data-element_type=\"widget\" data-widget_type=\"heading.default\">\n\t\t\t\t\t<h3 class=\"elementor-heading-title elementor-size-default\">Industry insights<\/h3>\t\t\t\t<\/div>\n\t\t\t\t<div class=\"elementor-element elementor-element-7b0e145 elementor-widget elementor-widget-heading\" data-id=\"7b0e145\" data-element_type=\"widget\" data-widget_type=\"heading.default\">\n\t\t\t\t\t<p class=\"elementor-heading-title elementor-size-default\">Our data-driven approach provides valuable information on the labor market situation, enabling employers and employees to make informed decisions.<\/p>\t\t\t\t<\/div>\n\t\t\t\t<\/div>\n\t\t<div class=\"elementor-element elementor-element-deb4b8f e-con-full e-flex e-con e-child\" data-id=\"deb4b8f\" data-element_type=\"container\">\n\t\t\t\t<div class=\"elementor-element elementor-element-e066470 elementor-widget elementor-widget-heading\" data-id=\"e066470\" data-element_type=\"widget\" data-widget_type=\"heading.default\">\n\t\t\t\t\t<h3 class=\"elementor-heading-title elementor-size-default\">Innovative solutions<\/h3>\t\t\t\t<\/div>\n\t\t\t\t<div class=\"elementor-element elementor-element-4594a27 elementor-widget elementor-widget-heading\" data-id=\"4594a27\" data-element_type=\"widget\" data-widget_type=\"heading.default\">\n\t\t\t\t\t<p class=\"elementor-heading-title elementor-size-default\">We are constantly innovating to meet the changing needs of the labor market and offer state-of-the-art solutions to ensure successful employment.<\/p>\t\t\t\t<\/div>\n\t\t\t\t<\/div>\n\t\t<div class=\"elementor-element elementor-element-546abb8 e-con-full e-flex e-con e-child\" data-id=\"546abb8\" data-element_type=\"container\">\n\t\t\t\t<div class=\"elementor-element elementor-element-994d355 elementor-widget elementor-widget-heading\" data-id=\"994d355\" data-element_type=\"widget\" data-widget_type=\"heading.default\">\n\t\t\t\t\t<h3 class=\"elementor-heading-title elementor-size-default\">Kreatywne dobieranie par<\/h3>\t\t\t\t<\/div>\n\t\t\t\t<div class=\"elementor-element elementor-element-85a8c56 elementor-widget elementor-widget-heading\" data-id=\"85a8c56\" data-element_type=\"widget\" data-widget_type=\"heading.default\">\n\t\t\t\t\t<p class=\"elementor-heading-title elementor-size-default\">Creativity is at the core of our candidate selection process, so we can guarantee a perfect match between employers and candidates.<\/p>\t\t\t\t<\/div>\n\t\t\t\t<\/div>\n\t\t\t\t\t<\/div>\n\t\t\t\t<\/div>\n\t\t<div class=\"elementor-element elementor-element-3db6ca5 e-flex e-con-boxed e-con e-parent\" data-id=\"3db6ca5\" data-element_type=\"container\">\n\t\t\t\t\t<div class=\"e-con-inner\">\n\t\t<div class=\"elementor-element elementor-element-dffdab7 e-grid e-con-full e-con e-child\" data-id=\"dffdab7\" data-element_type=\"container\">\n\t\t<div class=\"elementor-element elementor-element-319e73d e-con-full e-flex e-con e-child\" data-id=\"319e73d\" data-element_type=\"container\">\n\t\t\t\t<div class=\"elementor-element elementor-element-054b727 elementor-widget elementor-widget-heading\" data-id=\"054b727\" data-element_type=\"widget\" data-widget_type=\"heading.default\">\n\t\t\t\t\t<h2 class=\"elementor-heading-title elementor-size-default\">Ready to find the perfect fit for your team? Get in touch with us!<\/h2>\t\t\t\t<\/div>\n\t\t\t\t<div class=\"elementor-element elementor-element-5f021fa elementor-button-align-start elementor-mobile-button-align-stretch elementor-widget elementor-widget-form\" data-id=\"5f021fa\" data-element_type=\"widget\" data-settings=\"{&quot;step_next_label&quot;:&quot;Next&quot;,&quot;step_previous_label&quot;:&quot;Previous&quot;,&quot;button_width&quot;:&quot;100&quot;,&quot;step_type&quot;:&quot;number_text&quot;,&quot;step_icon_shape&quot;:&quot;circle&quot;}\" data-widget_type=\"form.default\">\n\t\t\t\t\t\t\t<form class=\"elementor-form\" method=\"post\" name=\"New Form\" aria-label=\"New Form\" action=\"\">\n\t\t\t<input type=\"hidden\" name=\"post_id\" value=\"7\"\/>\n\t\t\t<input type=\"hidden\" name=\"form_id\" value=\"5f021fa\"\/>\n\t\t\t<input type=\"hidden\" name=\"referer_title\" value=\"\" \/>\n\n\t\t\t\n\t\t\t<div class=\"elementor-form-fields-wrapper elementor-labels-above\">\n\t\t\t\t\t\t\t\t<div class=\"elementor-field-type-text elementor-field-group elementor-column elementor-field-group-name elementor-col-100\">\n\t\t\t\t\t\t\t\t\t\t\t\t<label for=\"form-field-name\" class=\"elementor-field-label\">\n\t\t\t\t\t\t\t\tName\t\t\t\t\t\t\t<\/label>\n\t\t\t\t\t\t\t\t\t\t\t\t\t\t<input size=\"1\" type=\"text\" name=\"form_fields[name]\" id=\"form-field-name\" class=\"elementor-field elementor-size-sm  elementor-field-textual\">\n\t\t\t\t\t\t\t\t\t\t\t<\/div>\n\t\t\t\t\t\t\t\t<div class=\"elementor-field-type-email elementor-field-group elementor-column elementor-field-group-email elementor-col-66 elementor-field-required\">\n\t\t\t\t\t\t\t\t\t\t\t\t<label for=\"form-field-email\" class=\"elementor-field-label\">\n\t\t\t\t\t\t\t\tE-mail\t\t\t\t\t\t\t<\/label>\n\t\t\t\t\t\t\t\t\t\t\t\t\t\t<input size=\"1\" type=\"email\" name=\"form_fields[email]\" id=\"form-field-email\" class=\"elementor-field elementor-size-sm  elementor-field-textual\" required=\"required\">\n\t\t\t\t\t\t\t\t\t\t\t<\/div>\n\t\t\t\t\t\t\t\t<div class=\"elementor-field-type-text elementor-field-group elementor-column elementor-field-group-field_438bcba elementor-col-33\">\n\t\t\t\t\t\t\t\t\t\t\t\t<label for=\"form-field-field_438bcba\" class=\"elementor-field-label\">\n\t\t\t\t\t\t\t\tPhone\t\t\t\t\t\t\t<\/label>\n\t\t\t\t\t\t\t\t\t\t\t\t\t\t<input size=\"1\" type=\"text\" name=\"form_fields[field_438bcba]\" id=\"form-field-field_438bcba\" class=\"elementor-field elementor-size-sm  elementor-field-textual\">\n\t\t\t\t\t\t\t\t\t\t\t<\/div>\n\t\t\t\t\t\t\t\t<div class=\"elementor-field-type-textarea elementor-field-group elementor-column elementor-field-group-message elementor-col-100\">\n\t\t\t\t\t\t\t\t\t\t\t\t<label for=\"form-field-message\" class=\"elementor-field-label\">\n\t\t\t\t\t\t\t\tMessage\t\t\t\t\t\t\t<\/label>\n\t\t\t\t\t\t<textarea class=\"elementor-field-textual elementor-field  elementor-size-sm\" name=\"form_fields[message]\" id=\"form-field-message\" rows=\"4\"><\/textarea>\t\t\t\t<\/div>\n\t\t\t\t\t\t\t\t<div class=\"elementor-field-group elementor-column elementor-field-type-submit elementor-col-100 e-form__buttons\">\n\t\t\t\t\t<button class=\"elementor-button elementor-size-md\" type=\"submit\">\n\t\t\t\t\t\t<span class=\"elementor-button-content-wrapper\">\n\t\t\t\t\t\t\t\t\t\t\t\t\t\t\t\t\t\t\t\t\t\t<span class=\"elementor-button-text\">Free consultation here<\/span>\n\t\t\t\t\t\t\t\t\t\t\t\t\t<\/span>\n\t\t\t\t\t<\/button>\n\t\t\t\t<\/div>\n\t\t\t<\/div>\n\t\t<input type=\"hidden\" name=\"trp-form-language\" value=\"en\"\/><\/form>\n\t\t\t\t\t\t<\/div>\n\t\t\t\t<\/div>\n\t\t\t\t<div class=\"elementor-element elementor-element-e2c7454 elementor-widget elementor-widget-image\" data-id=\"e2c7454\" data-element_type=\"widget\" data-widget_type=\"image.default\">\n\t\t\t\t\t\t\t\t\t\t\t\t\t\t\t<img decoding=\"async\" width=\"769\" height=\"661\" src=\"https:\/\/holywings.pl\/wp-content\/uploads\/2025\/10\/c837a6_62ad470a234c45b696ab1adbdf7b8f20mv2.avif\" class=\"attachment-full size-full wp-image-149\" alt=\"\" srcset=\"https:\/\/holywings.pl\/wp-content\/uploads\/2025\/10\/c837a6_62ad470a234c45b696ab1adbdf7b8f20mv2.avif 769w, https:\/\/holywings.pl\/wp-content\/uploads\/2025\/10\/c837a6_62ad470a234c45b696ab1adbdf7b8f20mv2-300x258.avif 300w\" sizes=\"(max-width: 769px) 100vw, 769px\" \/>\t\t\t\t\t\t\t\t\t\t\t\t\t\t\t<\/div>\n\t\t\t\t<\/div>\n\t\t\t\t\t<\/div>\n\t\t\t\t<\/div>\n\t\t\t\t<\/div>","protected":false},"excerpt":{"rendered":"<p>Witamy w Holywings Tw\u00f3j partner w rozwi\u0105zaniach dla si\u0142y roboczej Dlaczego warto nas wybra\u0107 W Holywings \u0142\u0105czymy najlepsze talenty z firmami, kt\u00f3re ich potrzebuj\u0105. Niezale\u017cnie od tego, czy jeste\u015b firm\u0105 poszukuj\u0105c\u0105 wykwalifikowanych specjalist\u00f3w, czy osob\u0105 poszukuj\u0105c\u0105 pracy, kt\u00f3ra szuka swojej nast\u0119pnej okazji, zapewniamy spersonalizowane rozwi\u0105zania kadrowe, kt\u00f3re dzia\u0142aj\u0105. Wgl\u0105d w bran\u017c\u0119 Nasze podej\u015bcie oparte na [&hellip;]<\/p>","protected":false},"author":1,"featured_media":0,"parent":0,"menu_order":0,"comment_status":"closed","ping_status":"closed","template":"elementor_header_footer","meta":{"footnotes":""},"class_list":["post-7","page","type-page","status-publish","hentry"],"_hostinger_reach_plugin_has_subscription_block":false,"_hostinger_reach_plugin_is_elementor":false,"_links":{"self":[{"href":"https:\/\/holywings.pl\/en\/wp-json\/wp\/v2\/pages\/7","targetHints":{"allow":["GET"]}}],"collection":[{"href":"https:\/\/holywings.pl\/en\/wp-json\/wp\/v2\/pages"}],"about":[{"href":"https:\/\/holywings.pl\/en\/wp-json\/wp\/v2\/types\/page"}],"author":[{"embeddable":true,"href":"https:\/\/holywings.pl\/en\/wp-json\/wp\/v2\/users\/1"}],"replies":[{"embeddable":true,"href":"https:\/\/holywings.pl\/en\/wp-json\/wp\/v2\/comments?post=7"}],"version-history":[{"count":320,"href":"https:\/\/holywings.pl\/en\/wp-json\/wp\/v2\/pages\/7\/revisions"}],"predecessor-version":[{"id":862,"href":"https:\/\/holywings.pl\/en\/wp-json\/wp\/v2\/pages\/7\/revisions\/862"}],"wp:attachment":[{"href":"https:\/\/holywings.pl\/en\/wp-json\/wp\/v2\/media?parent=7"}],"curies":[{"name":"wp","href":"https:\/\/api.w.org\/{rel}","templated":true}]}}