{"id":20,"date":"2025-10-26T02:38:32","date_gmt":"2025-10-26T02:38:32","guid":{"rendered":"https:\/\/holywings.pl\/?page_id=20"},"modified":"2026-02-26T08:56:09","modified_gmt":"2026-02-26T08:56:09","slug":"o-nas","status":"publish","type":"page","link":"https:\/\/holywings.pl\/en\/o-nas\/","title":{"rendered":"About us"},"content":{"rendered":"<div data-elementor-type=\"wp-page\" data-elementor-id=\"20\" class=\"elementor elementor-20\" data-elementor-post-type=\"page\">\n\t\t\t\t<div class=\"elementor-element elementor-element-39c289c e-flex e-con-boxed e-con e-parent\" data-id=\"39c289c\" data-element_type=\"container\">\n\t\t\t\t\t<div class=\"e-con-inner\">\n\t\t\t\t<div class=\"elementor-element elementor-element-cb0b9d4 elementor-widget elementor-widget-heading\" data-id=\"cb0b9d4\" data-element_type=\"widget\" data-widget_type=\"heading.default\">\n\t\t\t\t\t<h2 class=\"elementor-heading-title elementor-size-default\">About<br>\nHolywings<\/h2>\t\t\t\t<\/div>\n\t\t\t\t<div class=\"elementor-element elementor-element-be81539 elementor-widget elementor-widget-heading\" data-id=\"be81539\" data-element_type=\"widget\" data-widget_type=\"heading.default\">\n\t\t\t\t\t<p class=\"elementor-heading-title elementor-size-default\">Holywings is a certified recruitment company based in Wroc\u0142aw, specializing in outsourcing workers from Asia to Poland. Founded in 2024, the company offers valuable services by connecting employers with potential employees. Our mission is to bridge the gap between employers in Poland and qualified professionals from Asia by providing an efficient and reliable recruitment solution.<\/p>\t\t\t\t<\/div>\n\t\t\t\t\t<\/div>\n\t\t\t\t<\/div>\n\t\t<div class=\"elementor-element elementor-element-2228747 e-flex e-con-boxed e-con e-parent\" data-id=\"2228747\" data-element_type=\"container\">\n\t\t\t\t\t<div class=\"e-con-inner\">\n\t\t<div class=\"elementor-element elementor-element-6312427 e-grid e-con-full e-con e-child\" data-id=\"6312427\" data-element_type=\"container\">\n\t\t<div class=\"elementor-element elementor-element-806a521 e-con-full e-flex e-con e-child\" data-id=\"806a521\" data-element_type=\"container\">\n\t\t\t\t<div class=\"elementor-element elementor-element-e1bec4a elementor-widget elementor-widget-heading\" data-id=\"e1bec4a\" data-element_type=\"widget\" data-widget_type=\"heading.default\">\n\t\t\t\t\t<h2 class=\"elementor-heading-title elementor-size-default\">Let's connect<\/h2>\t\t\t\t<\/div>\n\t\t\t\t<div class=\"elementor-element elementor-element-f9ee5c7 elementor-widget elementor-widget-heading\" data-id=\"f9ee5c7\" data-element_type=\"widget\" data-widget_type=\"heading.default\">\n\t\t\t\t\t<p class=\"elementor-heading-title elementor-size-default\">Zamrud Equasia Jobs is dedicated to providing top-notch recruitment services. We specialize in connecting employers with talented individuals. Let's start the journey together.<\/p>\t\t\t\t<\/div>\n\t\t\t\t<div class=\"elementor-element elementor-element-9f8ebba elementor-mobile-align-center elementor-widget elementor-widget-button\" data-id=\"9f8ebba\" data-element_type=\"widget\" data-widget_type=\"button.default\">\n\t\t\t\t\t\t\t\t\t\t<a class=\"elementor-button elementor-button-link elementor-size-sm\" href=\"\/en\/o-nas\/\">\n\t\t\t\t\t\t<span class=\"elementor-button-content-wrapper\">\n\t\t\t\t\t\t\t\t\t<span class=\"elementor-button-text\">Contact us<\/span>\n\t\t\t\t\t<\/span>\n\t\t\t\t\t<\/a>\n\t\t\t\t\t\t\t\t<\/div>\n\t\t\t\t<\/div>\n\t\t\t\t<div class=\"elementor-element elementor-element-489368d elementor-widget elementor-widget-image\" data-id=\"489368d\" data-element_type=\"widget\" data-widget_type=\"image.default\">\n\t\t\t\t\t\t\t\t\t\t\t\t\t\t\t<img fetchpriority=\"high\" decoding=\"async\" width=\"769\" height=\"661\" src=\"https:\/\/holywings.pl\/wp-content\/uploads\/2025\/10\/c837a6_62ad470a234c45b696ab1adbdf7b8f20mv2.avif\" class=\"attachment-full size-full wp-image-149\" alt=\"\" srcset=\"https:\/\/holywings.pl\/wp-content\/uploads\/2025\/10\/c837a6_62ad470a234c45b696ab1adbdf7b8f20mv2.avif 769w, https:\/\/holywings.pl\/wp-content\/uploads\/2025\/10\/c837a6_62ad470a234c45b696ab1adbdf7b8f20mv2-300x258.avif 300w\" sizes=\"(max-width: 769px) 100vw, 769px\" \/>\t\t\t\t\t\t\t\t\t\t\t\t\t\t\t<\/div>\n\t\t\t\t<\/div>\n\t\t\t\t\t<\/div>\n\t\t\t\t<\/div>\n\t\t<div class=\"elementor-element elementor-element-793438c e-flex e-con-boxed e-con e-parent\" data-id=\"793438c\" data-element_type=\"container\" data-settings=\"{&quot;background_background&quot;:&quot;classic&quot;}\">\n\t\t\t\t\t<div class=\"e-con-inner\">\n\t\t\t\t<div class=\"elementor-element elementor-element-0133566 elementor-widget elementor-widget-heading\" data-id=\"0133566\" data-element_type=\"widget\" data-widget_type=\"heading.default\">\n\t\t\t\t\t<h2 class=\"elementor-heading-title elementor-size-default\">Our vision<\/h2>\t\t\t\t<\/div>\n\t\t\t\t<div class=\"elementor-element elementor-element-4963107 elementor-widget elementor-widget-heading\" data-id=\"4963107\" data-element_type=\"widget\" data-widget_type=\"heading.default\">\n\t\t\t\t\t<p class=\"elementor-heading-title elementor-size-default\">Our vision is to be the preferred and trusted recruitment professionals for both our clients and candidates. We are committed to proactively engaging with clients to ensure that their staffing needs are met with satisfaction.<\/p>\t\t\t\t<\/div>\n\t\t\t\t<div class=\"elementor-element elementor-element-f2f972c elementor-widget elementor-widget-heading\" data-id=\"f2f972c\" data-element_type=\"widget\" data-widget_type=\"heading.default\">\n\t\t\t\t\t<h2 class=\"elementor-heading-title elementor-size-default\">Our mission<\/h2>\t\t\t\t<\/div>\n\t\t\t\t<div class=\"elementor-element elementor-element-61899a0 elementor-widget elementor-widget-heading\" data-id=\"61899a0\" data-element_type=\"widget\" data-widget_type=\"heading.default\">\n\t\t\t\t\t<p class=\"elementor-heading-title elementor-size-default\">- aproviding the competent employees that companies explicitly ask for.<\/p>\t\t\t\t<\/div>\n\t\t\t\t<div class=\"elementor-element elementor-element-f9995fd elementor-widget elementor-widget-heading\" data-id=\"f9995fd\" data-element_type=\"widget\" data-widget_type=\"heading.default\">\n\t\t\t\t\t<p class=\"elementor-heading-title elementor-size-default\">- Building long-term relationships with companies based on mutual respect and trust.<\/p>\t\t\t\t<\/div>\n\t\t\t\t<div class=\"elementor-element elementor-element-9e2a303 elementor-widget elementor-widget-heading\" data-id=\"9e2a303\" data-element_type=\"widget\" data-widget_type=\"heading.default\">\n\t\t\t\t\t<p class=\"elementor-heading-title elementor-size-default\">- Provide excellent customer service to achieve success in the recruitment process.<\/p>\t\t\t\t<\/div>\n\t\t\t\t\t<\/div>\n\t\t\t\t<\/div>\n\t\t<div class=\"elementor-element elementor-element-8500c3c e-grid e-con-boxed e-con e-parent\" data-id=\"8500c3c\" data-element_type=\"container\">\n\t\t\t\t\t<div class=\"e-con-inner\">\n\t\t\t\t<div class=\"elementor-element elementor-element-d84ee2a elementor-widget elementor-widget-image\" data-id=\"d84ee2a\" data-element_type=\"widget\" data-widget_type=\"image.default\">\n\t\t\t\t\t\t\t\t\t\t\t\t\t\t\t<img decoding=\"async\" width=\"390\" height=\"642\" src=\"https:\/\/holywings.pl\/wp-content\/uploads\/2025\/10\/WhatsApp-Image-2025-07-02-at-06_54_44.avif\" class=\"attachment-full size-full wp-image-309\" alt=\"\" srcset=\"https:\/\/holywings.pl\/wp-content\/uploads\/2025\/10\/WhatsApp-Image-2025-07-02-at-06_54_44.avif 390w, https:\/\/holywings.pl\/wp-content\/uploads\/2025\/10\/WhatsApp-Image-2025-07-02-at-06_54_44-182x300.avif 182w\" sizes=\"(max-width: 390px) 100vw, 390px\" \/>\t\t\t\t\t\t\t\t\t\t\t\t\t\t\t<\/div>\n\t\t<div class=\"elementor-element elementor-element-467ea6e e-con-full e-flex e-con e-child\" data-id=\"467ea6e\" data-element_type=\"container\">\n\t\t\t\t<div class=\"elementor-element elementor-element-e3ccea4 elementor-widget__width-inherit elementor-widget elementor-widget-heading\" data-id=\"e3ccea4\" data-element_type=\"widget\" data-widget_type=\"heading.default\">\n\t\t\t\t\t<h3 class=\"elementor-heading-title elementor-size-default\">Trusted by employers.\nPreferred candidates.<\/h3>\t\t\t\t<\/div>\n\t\t\t\t<div class=\"elementor-element elementor-element-31a9926 elementor-widget elementor-widget-button\" data-id=\"31a9926\" data-element_type=\"widget\" data-widget_type=\"button.default\">\n\t\t\t\t\t\t\t\t\t\t<a class=\"elementor-button elementor-button-link elementor-size-sm\" href=\"\/en\/znajd\u017a-pracownik\u00f3w\/\">\n\t\t\t\t\t\t<span class=\"elementor-button-content-wrapper\">\n\t\t\t\t\t\t\t\t\t<span class=\"elementor-button-text\">Find employees<\/span>\n\t\t\t\t\t<\/span>\n\t\t\t\t\t<\/a>\n\t\t\t\t\t\t\t\t<\/div>\n\t\t\t\t<div class=\"elementor-element elementor-element-aeeca61 elementor-widget elementor-widget-button\" data-id=\"aeeca61\" data-element_type=\"widget\" data-widget_type=\"button.default\">\n\t\t\t\t\t\t\t\t\t\t<a class=\"elementor-button elementor-button-link elementor-size-sm\" href=\"\/en\/znajd\u017a-prac\u0119\/\">\n\t\t\t\t\t\t<span class=\"elementor-button-content-wrapper\">\n\t\t\t\t\t\t\t\t\t<span class=\"elementor-button-text\">Find a job<\/span>\n\t\t\t\t\t<\/span>\n\t\t\t\t\t<\/a>\n\t\t\t\t\t\t\t\t<\/div>\n\t\t\t\t<\/div>\n\t\t\t\t\t<\/div>\n\t\t\t\t<\/div>\n\t\t<div class=\"elementor-element elementor-element-35f1426 e-flex e-con-boxed e-con e-parent\" data-id=\"35f1426\" data-element_type=\"container\">\n\t\t\t\t\t<div class=\"e-con-inner\">\n\t\t<div class=\"elementor-element elementor-element-84ec674 e-grid e-con-full e-con e-child\" data-id=\"84ec674\" data-element_type=\"container\">\n\t\t<div class=\"elementor-element elementor-element-179b2c7 e-con-full e-flex e-con e-child\" data-id=\"179b2c7\" data-element_type=\"container\">\n\t\t\t\t<div class=\"elementor-element elementor-element-f535a2f elementor-widget elementor-widget-heading\" data-id=\"f535a2f\" data-element_type=\"widget\" data-widget_type=\"heading.default\">\n\t\t\t\t\t<h2 class=\"elementor-heading-title elementor-size-default\">Ready to find the perfect fit for your team? Get in touch with us!<\/h2>\t\t\t\t<\/div>\n\t\t\t\t<div class=\"elementor-element elementor-element-9f808a5 elementor-button-align-start elementor-widget elementor-widget-form\" data-id=\"9f808a5\" data-element_type=\"widget\" data-settings=\"{&quot;step_next_label&quot;:&quot;Next&quot;,&quot;step_previous_label&quot;:&quot;Previous&quot;,&quot;button_width&quot;:&quot;100&quot;,&quot;step_type&quot;:&quot;number_text&quot;,&quot;step_icon_shape&quot;:&quot;circle&quot;}\" data-widget_type=\"form.default\">\n\t\t\t\t\t\t\t<form class=\"elementor-form\" method=\"post\" name=\"New Form\" aria-label=\"New Form\" action=\"\">\n\t\t\t<input type=\"hidden\" name=\"post_id\" value=\"20\"\/>\n\t\t\t<input type=\"hidden\" name=\"form_id\" value=\"9f808a5\"\/>\n\t\t\t<input type=\"hidden\" name=\"referer_title\" value=\"O nas\" \/>\n\n\t\t\t\t\t\t\t<input type=\"hidden\" name=\"queried_id\" value=\"20\"\/>\n\t\t\t\n\t\t\t<div class=\"elementor-form-fields-wrapper elementor-labels-above\">\n\t\t\t\t\t\t\t\t<div class=\"elementor-field-type-text elementor-field-group elementor-column elementor-field-group-name elementor-col-100\">\n\t\t\t\t\t\t\t\t\t\t\t\t<label for=\"form-field-name\" class=\"elementor-field-label\">\n\t\t\t\t\t\t\t\tName\t\t\t\t\t\t\t<\/label>\n\t\t\t\t\t\t\t\t\t\t\t\t\t\t<input size=\"1\" type=\"text\" name=\"form_fields[name]\" id=\"form-field-name\" class=\"elementor-field elementor-size-sm  elementor-field-textual\">\n\t\t\t\t\t\t\t\t\t\t\t<\/div>\n\t\t\t\t\t\t\t\t<div class=\"elementor-field-type-email elementor-field-group elementor-column elementor-field-group-email elementor-col-66 elementor-field-required\">\n\t\t\t\t\t\t\t\t\t\t\t\t<label for=\"form-field-email\" class=\"elementor-field-label\">\n\t\t\t\t\t\t\t\tE-mail\t\t\t\t\t\t\t<\/label>\n\t\t\t\t\t\t\t\t\t\t\t\t\t\t<input size=\"1\" type=\"email\" name=\"form_fields[email]\" id=\"form-field-email\" class=\"elementor-field elementor-size-sm  elementor-field-textual\" required=\"required\">\n\t\t\t\t\t\t\t\t\t\t\t<\/div>\n\t\t\t\t\t\t\t\t<div class=\"elementor-field-type-text elementor-field-group elementor-column elementor-field-group-field_438bcba elementor-col-33\">\n\t\t\t\t\t\t\t\t\t\t\t\t<label for=\"form-field-field_438bcba\" class=\"elementor-field-label\">\n\t\t\t\t\t\t\t\tPhone\t\t\t\t\t\t\t<\/label>\n\t\t\t\t\t\t\t\t\t\t\t\t\t\t<input size=\"1\" type=\"text\" name=\"form_fields[field_438bcba]\" id=\"form-field-field_438bcba\" class=\"elementor-field elementor-size-sm  elementor-field-textual\">\n\t\t\t\t\t\t\t\t\t\t\t<\/div>\n\t\t\t\t\t\t\t\t<div class=\"elementor-field-type-textarea elementor-field-group elementor-column elementor-field-group-message elementor-col-100\">\n\t\t\t\t\t\t\t\t\t\t\t\t<label for=\"form-field-message\" class=\"elementor-field-label\">\n\t\t\t\t\t\t\t\tMessage\t\t\t\t\t\t\t<\/label>\n\t\t\t\t\t\t<textarea class=\"elementor-field-textual elementor-field  elementor-size-sm\" name=\"form_fields[message]\" id=\"form-field-message\" rows=\"4\"><\/textarea>\t\t\t\t<\/div>\n\t\t\t\t\t\t\t\t<div class=\"elementor-field-group elementor-column elementor-field-type-submit elementor-col-100 e-form__buttons\">\n\t\t\t\t\t<button class=\"elementor-button elementor-size-md\" type=\"submit\">\n\t\t\t\t\t\t<span class=\"elementor-button-content-wrapper\">\n\t\t\t\t\t\t\t\t\t\t\t\t\t\t\t\t\t\t\t\t\t\t<span class=\"elementor-button-text\">Contact us<\/span>\n\t\t\t\t\t\t\t\t\t\t\t\t\t<\/span>\n\t\t\t\t\t<\/button>\n\t\t\t\t<\/div>\n\t\t\t<\/div>\n\t\t<input type=\"hidden\" name=\"trp-form-language\" value=\"en\"\/><\/form>\n\t\t\t\t\t\t<\/div>\n\t\t\t\t<\/div>\n\t\t<div class=\"elementor-element elementor-element-97722d5 e-con-full e-flex e-con e-child\" data-id=\"97722d5\" data-element_type=\"container\">\n\t\t\t\t<div class=\"elementor-element elementor-element-2dca887 e-transform elementor-widget elementor-widget-image\" data-id=\"2dca887\" data-element_type=\"widget\" data-settings=\"{&quot;motion_fx_motion_fx_scrolling&quot;:&quot;yes&quot;,&quot;_transform_scale_effect&quot;:{&quot;unit&quot;:&quot;px&quot;,&quot;size&quot;:1.2,&quot;sizes&quot;:[]},&quot;_transform_scale_effect_mobile&quot;:{&quot;unit&quot;:&quot;px&quot;,&quot;size&quot;:1,&quot;sizes&quot;:[]},&quot;motion_fx_devices&quot;:[&quot;desktop&quot;,&quot;tablet&quot;,&quot;mobile&quot;],&quot;_transform_scale_effect_tablet&quot;:{&quot;unit&quot;:&quot;px&quot;,&quot;size&quot;:&quot;&quot;,&quot;sizes&quot;:[]}}\" data-widget_type=\"image.default\">\n\t\t\t\t\t\t\t\t\t\t\t\t\t\t\t<img decoding=\"async\" width=\"582\" height=\"811\" src=\"https:\/\/holywings.pl\/wp-content\/uploads\/2025\/10\/c837a6_202be4a40c3e42ba820d2274b0ab7929mv2.avif\" class=\"attachment-full size-full wp-image-343\" alt=\"\" srcset=\"https:\/\/holywings.pl\/wp-content\/uploads\/2025\/10\/c837a6_202be4a40c3e42ba820d2274b0ab7929mv2.avif 582w, https:\/\/holywings.pl\/wp-content\/uploads\/2025\/10\/c837a6_202be4a40c3e42ba820d2274b0ab7929mv2-215x300.avif 215w\" sizes=\"(max-width: 582px) 100vw, 582px\" \/>\t\t\t\t\t\t\t\t\t\t\t\t\t\t\t<\/div>\n\t\t\t\t<\/div>\n\t\t\t\t<\/div>\n\t\t\t\t\t<\/div>\n\t\t\t\t<\/div>\n\t\t\t\t<\/div>","protected":false},"excerpt":{"rendered":"<p>O Holywings Holywings to certyfikowana firma rekrutacyjna wpisana do Rejestru Agencji Zatrudnienia z siedzib\u0105 we Wroc\u0142awiu, specjalizuj\u0105ca si\u0119 w outsourcingu pracownik\u00f3w z Azji do Polski. Firma zosta\u0142a za\u0142o\u017cona w 2024 roku i oferuje warto\u015bciowe us\u0142ugi, \u0142\u0105cz\u0105c pracodawc\u00f3w z potencjalnymi pracownikami. Nasz\u0105 misj\u0105 jest zniwelowanie luki mi\u0119dzy pracodawcami w Polsce a wykwalifikowanymi specjalistami z Azji, zapewniaj\u0105c [&hellip;]<\/p>","protected":false},"author":1,"featured_media":0,"parent":0,"menu_order":0,"comment_status":"closed","ping_status":"closed","template":"","meta":{"footnotes":""},"class_list":["post-20","page","type-page","status-publish","hentry"],"_hostinger_reach_plugin_has_subscription_block":false,"_hostinger_reach_plugin_is_elementor":false,"_links":{"self":[{"href":"https:\/\/holywings.pl\/en\/wp-json\/wp\/v2\/pages\/20","targetHints":{"allow":["GET"]}}],"collection":[{"href":"https:\/\/holywings.pl\/en\/wp-json\/wp\/v2\/pages"}],"about":[{"href":"https:\/\/holywings.pl\/en\/wp-json\/wp\/v2\/types\/page"}],"author":[{"embeddable":true,"href":"https:\/\/holywings.pl\/en\/wp-json\/wp\/v2\/users\/1"}],"replies":[{"embeddable":true,"href":"https:\/\/holywings.pl\/en\/wp-json\/wp\/v2\/comments?post=20"}],"version-history":[{"count":241,"href":"https:\/\/holywings.pl\/en\/wp-json\/wp\/v2\/pages\/20\/revisions"}],"predecessor-version":[{"id":906,"href":"https:\/\/holywings.pl\/en\/wp-json\/wp\/v2\/pages\/20\/revisions\/906"}],"wp:attachment":[{"href":"https:\/\/holywings.pl\/en\/wp-json\/wp\/v2\/media?parent=20"}],"curies":[{"name":"wp","href":"https:\/\/api.w.org\/{rel}","templated":true}]}}